{"id":8621,"date":"2021-07-27T09:29:21","date_gmt":"2021-07-27T08:29:21","guid":{"rendered":"https:\/\/maitre.com\/?page_id=8621"},"modified":"2024-12-23T09:19:31","modified_gmt":"2024-12-23T08:19:31","slug":"kwaliteit","status":"publish","type":"page","link":"https:\/\/maitre.com\/?page_id=8621","title":{"rendered":"Kwaliteit"},"content":{"rendered":"\t\t<div data-elementor-type=\"wp-page\" data-elementor-id=\"8621\" class=\"elementor elementor-8621\">\n\t\t\t\t\t\t\t\t\t<section class=\"elementor-section elementor-top-section elementor-element elementor-element-c4d64b6 elementor-section-boxed elementor-section-height-default elementor-section-height-default\" data-id=\"c4d64b6\" data-element_type=\"section\" data-settings=\"{&quot;background_background&quot;:&quot;classic&quot;}\">\n\t\t\t\t\t\t<div class=\"elementor-container elementor-column-gap-default\">\n\t\t\t\t\t<div class=\"elementor-column elementor-col-100 elementor-top-column elementor-element elementor-element-5cb15be\" data-id=\"5cb15be\" data-element_type=\"column\">\n\t\t\t<div class=\"elementor-widget-wrap elementor-element-populated\">\n\t\t\t\t\t\t\t\t<div class=\"elementor-element elementor-element-3b8693c elementor-widget elementor-widget-spacer\" data-id=\"3b8693c\" data-element_type=\"widget\" data-widget_type=\"spacer.default\">\n\t\t\t\t<div class=\"elementor-widget-container\">\n\t\t\t<style>\/*! elementor - v3.10.1 - 17-01-2023 *\/\n.elementor-column .elementor-spacer-inner{height:var(--spacer-size)}.e-con{--container-widget-width:100%}.e-con-inner>.elementor-widget-spacer,.e-con>.elementor-widget-spacer{width:var(--container-widget-width,var(--spacer-size));--align-self:var(--container-widget-align-self,initial);--flex-shrink:0}.e-con-inner>.elementor-widget-spacer>.elementor-widget-container,.e-con-inner>.elementor-widget-spacer>.elementor-widget-container>.elementor-spacer,.e-con>.elementor-widget-spacer>.elementor-widget-container,.e-con>.elementor-widget-spacer>.elementor-widget-container>.elementor-spacer{height:100%}.e-con-inner>.elementor-widget-spacer>.elementor-widget-container>.elementor-spacer>.elementor-spacer-inner,.e-con>.elementor-widget-spacer>.elementor-widget-container>.elementor-spacer>.elementor-spacer-inner{height:var(--container-widget-height,var(--spacer-size))}<\/style>\t\t<div class=\"elementor-spacer\">\n\t\t\t<div class=\"elementor-spacer-inner\"><\/div>\n\t\t<\/div>\n\t\t\t\t<\/div>\n\t\t\t\t<\/div>\n\t\t\t\t\t<\/div>\n\t\t<\/div>\n\t\t\t\t\t\t\t<\/div>\n\t\t<\/section>\n\t\t\t\t<section class=\"elementor-section elementor-top-section elementor-element elementor-element-caaef54 elementor-section-boxed elementor-section-height-default elementor-section-height-default\" data-id=\"caaef54\" data-element_type=\"section\" data-settings=\"{&quot;background_background&quot;:&quot;classic&quot;}\">\n\t\t\t\t\t\t<div class=\"elementor-container elementor-column-gap-default\">\n\t\t\t\t\t<div class=\"elementor-column elementor-col-100 elementor-top-column elementor-element elementor-element-53c64d8\" data-id=\"53c64d8\" data-element_type=\"column\">\n\t\t\t<div class=\"elementor-widget-wrap elementor-element-populated\">\n\t\t\t\t\t\t\t\t<div class=\"elementor-element elementor-element-1de1994 elementor-widget elementor-widget-heading\" data-id=\"1de1994\" data-element_type=\"widget\" data-widget_type=\"heading.default\">\n\t\t\t\t<div class=\"elementor-widget-container\">\n\t\t\t<style>\/*! elementor - v3.10.1 - 17-01-2023 *\/\n.elementor-heading-title{padding:0;margin:0;line-height:1}.elementor-widget-heading .elementor-heading-title[class*=elementor-size-]>a{color:inherit;font-size:inherit;line-height:inherit}.elementor-widget-heading .elementor-heading-title.elementor-size-small{font-size:15px}.elementor-widget-heading .elementor-heading-title.elementor-size-medium{font-size:19px}.elementor-widget-heading .elementor-heading-title.elementor-size-large{font-size:29px}.elementor-widget-heading .elementor-heading-title.elementor-size-xl{font-size:39px}.elementor-widget-heading .elementor-heading-title.elementor-size-xxl{font-size:59px}<\/style><h2 class=\"elementor-heading-title elementor-size-default\">Kwaliteit<\/h2>\t\t<\/div>\n\t\t\t\t<\/div>\n\t\t\t\t\t<\/div>\n\t\t<\/div>\n\t\t\t\t\t\t\t<\/div>\n\t\t<\/section>\n\t\t\t\t<section class=\"elementor-section elementor-top-section elementor-element elementor-element-200e851 elementor-section-boxed elementor-section-height-default elementor-section-height-default\" data-id=\"200e851\" data-element_type=\"section\" data-settings=\"{&quot;background_background&quot;:&quot;classic&quot;}\">\n\t\t\t\t\t\t<div class=\"elementor-container elementor-column-gap-default\">\n\t\t\t\t\t<div class=\"elementor-column elementor-col-100 elementor-top-column elementor-element elementor-element-f4d6beb\" data-id=\"f4d6beb\" data-element_type=\"column\">\n\t\t\t<div class=\"elementor-widget-wrap elementor-element-populated\">\n\t\t\t\t\t\t\t\t<section class=\"elementor-section elementor-inner-section elementor-element elementor-element-aa6e6f6 elementor-section-boxed elementor-section-height-default elementor-section-height-default\" data-id=\"aa6e6f6\" data-element_type=\"section\">\n\t\t\t\t\t\t<div class=\"elementor-container elementor-column-gap-default\">\n\t\t\t\t\t<div class=\"elementor-column elementor-col-100 elementor-inner-column elementor-element elementor-element-7aa7387\" data-id=\"7aa7387\" data-element_type=\"column\">\n\t\t\t<div class=\"elementor-widget-wrap elementor-element-populated\">\n\t\t\t\t\t\t\t\t<div class=\"elementor-element elementor-element-aeba1a5 elementor-widget elementor-widget-text-editor\" data-id=\"aeba1a5\" data-element_type=\"widget\" data-widget_type=\"text-editor.default\">\n\t\t\t\t<div class=\"elementor-widget-container\">\n\t\t\t<style>\/*! elementor - v3.10.1 - 17-01-2023 *\/\n.elementor-widget-text-editor.elementor-drop-cap-view-stacked .elementor-drop-cap{background-color:#818a91;color:#fff}.elementor-widget-text-editor.elementor-drop-cap-view-framed .elementor-drop-cap{color:#818a91;border:3px solid;background-color:transparent}.elementor-widget-text-editor:not(.elementor-drop-cap-view-default) .elementor-drop-cap{margin-top:8px}.elementor-widget-text-editor:not(.elementor-drop-cap-view-default) .elementor-drop-cap-letter{width:1em;height:1em}.elementor-widget-text-editor .elementor-drop-cap{float:left;text-align:center;line-height:1;font-size:50px}.elementor-widget-text-editor .elementor-drop-cap-letter{display:inline-block}<\/style>\t\t\t\t<p>We werken veilig en in vertrouwen. Kwaliteit spreekt daarbij voor zich. In onze productie\u00a0werken we volgens de laatste wet- en regelgeving,\u00a0IFS voedselveiligheidsnormen en jouw mogelijke, specifieke, klantwensen.\u00a0\u00a0<\/p><p>Het kwaliteitsdenken zit in de genen van onze medewerkers. We zijn in staat om elk ingredi\u00ebnt continu te volgen. Ma\u00eetre biedt dan ook gegarandeerd betrouwbare producten, waarvan de gebruikte ingredi\u00ebnten binnen vier uur te traceren zijn.<\/p><p>Onze certificaten kun je hieronder bekijken.<\/p>\t\t\t\t\t\t<\/div>\n\t\t\t\t<\/div>\n\t\t\t\t\t<\/div>\n\t\t<\/div>\n\t\t\t\t\t\t\t<\/div>\n\t\t<\/section>\n\t\t\t\t\t<\/div>\n\t\t<\/div>\n\t\t\t\t\t\t\t<\/div>\n\t\t<\/section>\n\t\t\t\t<section class=\"elementor-section elementor-top-section elementor-element elementor-element-f7c7cd1 elementor-section-boxed elementor-section-height-default elementor-section-height-default\" data-id=\"f7c7cd1\" data-element_type=\"section\" data-settings=\"{&quot;background_background&quot;:&quot;classic&quot;}\">\n\t\t\t\t\t\t<div class=\"elementor-container elementor-column-gap-default\">\n\t\t\t\t\t<div class=\"elementor-column elementor-col-100 elementor-top-column elementor-element elementor-element-e144c1d\" data-id=\"e144c1d\" data-element_type=\"column\">\n\t\t\t<div class=\"elementor-widget-wrap elementor-element-populated\">\n\t\t\t\t\t\t\t\t<div class=\"elementor-element elementor-element-2ba0e0a elementor-widget elementor-widget-spacer\" data-id=\"2ba0e0a\" data-element_type=\"widget\" data-widget_type=\"spacer.default\">\n\t\t\t\t<div class=\"elementor-widget-container\">\n\t\t\t\t\t<div class=\"elementor-spacer\">\n\t\t\t<div class=\"elementor-spacer-inner\"><\/div>\n\t\t<\/div>\n\t\t\t\t<\/div>\n\t\t\t\t<\/div>\n\t\t\t\t\t<\/div>\n\t\t<\/div>\n\t\t\t\t\t\t\t<\/div>\n\t\t<\/section>\n\t\t\t\t<section class=\"elementor-section elementor-top-section elementor-element elementor-element-d9e7954 elementor-section-boxed elementor-section-height-default elementor-section-height-default\" data-id=\"d9e7954\" data-element_type=\"section\" data-settings=\"{&quot;background_background&quot;:&quot;classic&quot;}\">\n\t\t\t\t\t\t<div class=\"elementor-container elementor-column-gap-default\">\n\t\t\t\t\t<div class=\"elementor-column elementor-col-25 elementor-top-column elementor-element elementor-element-4aab88d\" data-id=\"4aab88d\" data-element_type=\"column\">\n\t\t\t<div class=\"elementor-widget-wrap elementor-element-populated\">\n\t\t\t\t\t\t\t\t<div class=\"elementor-element elementor-element-fa6cea2 elementor-widget elementor-widget-image\" data-id=\"fa6cea2\" data-element_type=\"widget\" data-widget_type=\"image.default\">\n\t\t\t\t<div class=\"elementor-widget-container\">\n\t\t\t<style>\/*! elementor - v3.10.1 - 17-01-2023 *\/\n.elementor-widget-image{text-align:center}.elementor-widget-image a{display:inline-block}.elementor-widget-image a img[src$=\".svg\"]{width:48px}.elementor-widget-image img{vertical-align:middle;display:inline-block}<\/style>\t\t\t\t\t\t\t\t\t\t\t\t\t<a href=\"https:\/\/maitre.com\/wp-content\/uploads\/2023\/07\/certificate-Maitre-IFS-2023-1.png\" data-elementor-open-lightbox=\"yes\" data-elementor-lightbox-title=\"certificate Maitre IFS 2023-1\" e-action-hash=\"#elementor-action%3Aaction%3Dlightbox%26settings%3DeyJpZCI6MTE3MDksInVybCI6Imh0dHBzOlwvXC9tYWl0cmUuY29tXC93cC1jb250ZW50XC91cGxvYWRzXC8yMDIzXC8wN1wvY2VydGlmaWNhdGUtTWFpdHJlLUlGUy0yMDIzLTEucG5nIn0%3D\">\n\t\t\t\t\t\t\t<img loading=\"lazy\" decoding=\"async\" width=\"724\" height=\"1024\" src=\"https:\/\/maitre.com\/wp-content\/uploads\/2023\/07\/certificate-Maitre-IFS-2023-1-724x1024.png\" class=\"attachment-large size-large wp-image-11709\" alt=\"\" srcset=\"https:\/\/maitre.com\/wp-content\/uploads\/2023\/07\/certificate-Maitre-IFS-2023-1-724x1024.png 724w, https:\/\/maitre.com\/wp-content\/uploads\/2023\/07\/certificate-Maitre-IFS-2023-1-212x300.png 212w, https:\/\/maitre.com\/wp-content\/uploads\/2023\/07\/certificate-Maitre-IFS-2023-1-768x1086.png 768w, https:\/\/maitre.com\/wp-content\/uploads\/2023\/07\/certificate-Maitre-IFS-2023-1-1086x1536.png 1086w, https:\/\/maitre.com\/wp-content\/uploads\/2023\/07\/certificate-Maitre-IFS-2023-1-1448x2048.png 1448w, https:\/\/maitre.com\/wp-content\/uploads\/2023\/07\/certificate-Maitre-IFS-2023-1.png 1654w\" sizes=\"(max-width: 724px) 100vw, 724px\" \/>\t\t\t\t\t\t\t\t<\/a>\n\t\t\t\t\t\t\t\t\t\t\t\t\t\t\t<\/div>\n\t\t\t\t<\/div>\n\t\t\t\t\t<\/div>\n\t\t<\/div>\n\t\t\t\t<div class=\"elementor-column elementor-col-25 elementor-top-column elementor-element elementor-element-9a628ff\" data-id=\"9a628ff\" data-element_type=\"column\">\n\t\t\t<div class=\"elementor-widget-wrap elementor-element-populated\">\n\t\t\t\t\t\t\t\t<div class=\"elementor-element elementor-element-79558ae elementor-widget elementor-widget-image\" data-id=\"79558ae\" data-element_type=\"widget\" data-widget_type=\"image.default\">\n\t\t\t\t<div class=\"elementor-widget-container\">\n\t\t\t\t\t\t\t\t\t\t\t\t\t\t\t\t<a href=\"https:\/\/maitre.com\/wp-content\/uploads\/2023\/07\/230721_8882783_BLKVER_certificaat-1.png\" data-elementor-open-lightbox=\"yes\" data-elementor-lightbox-title=\"230721_8882783_BLKVER_certificaat-1\" e-action-hash=\"#elementor-action%3Aaction%3Dlightbox%26settings%3DeyJpZCI6MTE3MzIsInVybCI6Imh0dHBzOlwvXC9tYWl0cmUuY29tXC93cC1jb250ZW50XC91cGxvYWRzXC8yMDIzXC8wN1wvMjMwNzIxXzg4ODI3ODNfQkxLVkVSX2NlcnRpZmljYWF0LTEucG5nIn0%3D\">\n\t\t\t\t\t\t\t<img loading=\"lazy\" decoding=\"async\" width=\"724\" height=\"1024\" src=\"https:\/\/maitre.com\/wp-content\/uploads\/2023\/07\/230721_8882783_BLKVER_certificaat-1-724x1024.png\" class=\"attachment-large size-large wp-image-11732\" alt=\"\" srcset=\"https:\/\/maitre.com\/wp-content\/uploads\/2023\/07\/230721_8882783_BLKVER_certificaat-1-724x1024.png 724w, https:\/\/maitre.com\/wp-content\/uploads\/2023\/07\/230721_8882783_BLKVER_certificaat-1-212x300.png 212w, https:\/\/maitre.com\/wp-content\/uploads\/2023\/07\/230721_8882783_BLKVER_certificaat-1-768x1086.png 768w, https:\/\/maitre.com\/wp-content\/uploads\/2023\/07\/230721_8882783_BLKVER_certificaat-1-1086x1536.png 1086w, https:\/\/maitre.com\/wp-content\/uploads\/2023\/07\/230721_8882783_BLKVER_certificaat-1-1449x2048.png 1449w, https:\/\/maitre.com\/wp-content\/uploads\/2023\/07\/230721_8882783_BLKVER_certificaat-1.png 1653w\" sizes=\"(max-width: 724px) 100vw, 724px\" \/>\t\t\t\t\t\t\t\t<\/a>\n\t\t\t\t\t\t\t\t\t\t\t\t\t\t\t<\/div>\n\t\t\t\t<\/div>\n\t\t\t\t\t<\/div>\n\t\t<\/div>\n\t\t\t\t<div class=\"elementor-column elementor-col-25 elementor-top-column elementor-element elementor-element-107e82c\" data-id=\"107e82c\" data-element_type=\"column\">\n\t\t\t<div class=\"elementor-widget-wrap elementor-element-populated\">\n\t\t\t\t\t\t\t\t<div class=\"elementor-element elementor-element-c329846 elementor-widget elementor-widget-image\" data-id=\"c329846\" data-element_type=\"widget\" data-widget_type=\"image.default\">\n\t\t\t\t<div class=\"elementor-widget-container\">\n\t\t\t\t\t\t\t\t\t\t\t\t\t\t\t\t<a href=\"https:\/\/maitre.com\/wp-content\/uploads\/2021\/08\/MSC.png\">\n\t\t\t\t\t\t\t<img loading=\"lazy\" decoding=\"async\" width=\"486\" height=\"686\" src=\"https:\/\/maitre.com\/wp-content\/uploads\/2021\/08\/MSC.png\" class=\"attachment-large size-large wp-image-9243\" alt=\"\" srcset=\"https:\/\/maitre.com\/wp-content\/uploads\/2021\/08\/MSC.png 486w, https:\/\/maitre.com\/wp-content\/uploads\/2021\/08\/MSC-213x300.png 213w\" sizes=\"(max-width: 486px) 100vw, 486px\" \/>\t\t\t\t\t\t\t\t<\/a>\n\t\t\t\t\t\t\t\t\t\t\t\t\t\t\t<\/div>\n\t\t\t\t<\/div>\n\t\t\t\t\t<\/div>\n\t\t<\/div>\n\t\t\t\t<div class=\"elementor-column elementor-col-25 elementor-top-column elementor-element elementor-element-0ca009b\" data-id=\"0ca009b\" data-element_type=\"column\">\n\t\t\t<div class=\"elementor-widget-wrap elementor-element-populated\">\n\t\t\t\t\t\t\t\t<div class=\"elementor-element elementor-element-09e858b elementor-widget elementor-widget-image\" data-id=\"09e858b\" data-element_type=\"widget\" data-widget_type=\"image.default\">\n\t\t\t\t<div class=\"elementor-widget-container\">\n\t\t\t\t\t\t\t\t\t\t\t\t\t\t\t\t<a href=\"https:\/\/maitre.com\/wp-content\/uploads\/2021\/08\/ASC.png\">\n\t\t\t\t\t\t\t<img loading=\"lazy\" decoding=\"async\" width=\"490\" height=\"684\" src=\"https:\/\/maitre.com\/wp-content\/uploads\/2021\/08\/ASC.png\" class=\"attachment-large size-large wp-image-9241\" alt=\"\" srcset=\"https:\/\/maitre.com\/wp-content\/uploads\/2021\/08\/ASC.png 490w, https:\/\/maitre.com\/wp-content\/uploads\/2021\/08\/ASC-215x300.png 215w\" sizes=\"(max-width: 490px) 100vw, 490px\" \/>\t\t\t\t\t\t\t\t<\/a>\n\t\t\t\t\t\t\t\t\t\t\t\t\t\t\t<\/div>\n\t\t\t\t<\/div>\n\t\t\t\t\t<\/div>\n\t\t<\/div>\n\t\t\t\t\t\t\t<\/div>\n\t\t<\/section>\n\t\t\t\t<section class=\"elementor-section elementor-top-section elementor-element elementor-element-c6ec4e9 elementor-section-boxed elementor-section-height-default elementor-section-height-default\" data-id=\"c6ec4e9\" data-element_type=\"section\" data-settings=\"{&quot;background_background&quot;:&quot;classic&quot;}\">\n\t\t\t\t\t\t<div class=\"elementor-container elementor-column-gap-default\">\n\t\t\t\t\t<div class=\"elementor-column elementor-col-100 elementor-top-column elementor-element elementor-element-396a562\" data-id=\"396a562\" data-element_type=\"column\">\n\t\t\t<div class=\"elementor-widget-wrap elementor-element-populated\">\n\t\t\t\t\t\t\t\t<div class=\"elementor-element elementor-element-f9d7c23 elementor-widget elementor-widget-spacer\" data-id=\"f9d7c23\" data-element_type=\"widget\" data-widget_type=\"spacer.default\">\n\t\t\t\t<div class=\"elementor-widget-container\">\n\t\t\t\t\t<div class=\"elementor-spacer\">\n\t\t\t<div class=\"elementor-spacer-inner\"><\/div>\n\t\t<\/div>\n\t\t\t\t<\/div>\n\t\t\t\t<\/div>\n\t\t\t\t\t<\/div>\n\t\t<\/div>\n\t\t\t\t\t\t\t<\/div>\n\t\t<\/section>\n\t\t\t\t\t\t\t<\/div>\n\t\t","protected":false},"excerpt":{"rendered":"<p>Kwaliteit We werken veilig en in vertrouwen. Kwaliteit spreekt daarbij voor zich. In onze productie\u00a0werken we volgens de laatste wet- en regelgeving,\u00a0IFS voedselveiligheidsnormen en jouw mogelijke, specifieke, klantwensen.\u00a0\u00a0 Het kwaliteitsdenken zit in de genen van onze medewerkers. We zijn in staat om elk ingredi\u00ebnt continu te volgen. Ma\u00eetre biedt dan ook gegarandeerd betrouwbare producten, waarvan [&hellip;]<\/p>\n","protected":false},"author":9,"featured_media":0,"parent":0,"menu_order":0,"comment_status":"closed","ping_status":"closed","template":"","meta":{"_monsterinsights_skip_tracking":false,"_monsterinsights_sitenote_active":false,"_monsterinsights_sitenote_note":"","_monsterinsights_sitenote_category":0,"footnotes":""},"class_list":["post-8621","page","type-page","status-publish","hentry"],"_links":{"self":[{"href":"https:\/\/maitre.com\/index.php?rest_route=\/wp\/v2\/pages\/8621"}],"collection":[{"href":"https:\/\/maitre.com\/index.php?rest_route=\/wp\/v2\/pages"}],"about":[{"href":"https:\/\/maitre.com\/index.php?rest_route=\/wp\/v2\/types\/page"}],"author":[{"embeddable":true,"href":"https:\/\/maitre.com\/index.php?rest_route=\/wp\/v2\/users\/9"}],"replies":[{"embeddable":true,"href":"https:\/\/maitre.com\/index.php?rest_route=%2Fwp%2Fv2%2Fcomments&post=8621"}],"version-history":[{"count":257,"href":"https:\/\/maitre.com\/index.php?rest_route=\/wp\/v2\/pages\/8621\/revisions"}],"predecessor-version":[{"id":12256,"href":"https:\/\/maitre.com\/index.php?rest_route=\/wp\/v2\/pages\/8621\/revisions\/12256"}],"wp:attachment":[{"href":"https:\/\/maitre.com\/index.php?rest_route=%2Fwp%2Fv2%2Fmedia&parent=8621"}],"curies":[{"name":"wp","href":"https:\/\/api.w.org\/{rel}","templated":true}]}}